{"id":4,"date":"2012-06-18T12:41:03","date_gmt":"2012-06-18T12:41:03","guid":{"rendered":"http:\/\/ascs.scuba-israel-reisen.de\/?page_id=4"},"modified":"2025-03-08T13:33:44","modified_gmt":"2025-03-08T13:33:44","slug":"startseite","status":"publish","type":"page","link":"https:\/\/www.ascs-segeln.de\/","title":{"rendered":"ASCS <br>Allgemeiner Segler-Club Stuttgart e.V."},"content":{"rendered":"<p>Der allgemeine Segler-Club Stuttgart e.V. ist ein gemeinn\u00fctziger Verein mit derzeit 56 Mitgliedern, die gr\u00f6\u00dftenteils im Gro\u00dfraum Stuttgart ans\u00e4ssig sind.<\/p>\n<p>Unser Vereinsboot, die ABRA, eine Bavaria 34C, liegt im Hafen von Lindau am Bodensee.<\/p>\n<p>Zu unserem Vereinsleben geh\u00f6ren die <b>Segelschein-Ausbildung<\/b> (Sportbootf\u00fchrerschein Binnen, Bodenseeschifferpatent, \u2026) sowie <b>zahlreiche weitere Veranstaltungen<\/b> w\u00e4hrend des Jahres, wie z.B.:<\/p>\n<ul>\n<li><b>das gemeinschaftliche Segeln in anderen Segelrevieren<\/b><\/li>\n<li><b>Ausspannen vom Alltag beim Segeln auf dem Bodensee<\/b><\/li>\n<li><b>gemeinsame Urlaubst\u00f6rns im Mittelmeer<\/b><\/li>\n<li><b>das j\u00e4hrliche Stiftungsfest im November<\/b><\/li>\n<\/ul>\n<p><span dir=\"ltr\" role=\"presentation\">Wir treffen uns immer am zweiten Donnerstag jeden Monats (au\u00dfer an Feiertagen) <\/span><span dir=\"ltr\" role=\"presentation\">ab 19.00 Uhr in der Vereinsgastst\u00e4tte Al Campo (Am Kr\u00e4herwald 190A, 70193 <\/span><span dir=\"ltr\" role=\"presentation\">Stuttgart (Killesberg) \u2013 Haltestelle Kr\u00e4herwald der Buslinie 40)<\/span>.<\/p>\n<p>Bei unserem geselligen Beisammensein werden Informationen ausgetauscht, Termine besprochen, der n\u00e4chste Segelt\u00f6rn geplant und vieles andere mehr.<\/p>\n<p>Wir freuen uns immer \u00fcber neue Leute, die zu uns kommen und segelbegeistert sind oder es werden wollen. Wenn Ihr Zeit und Lust habt, kommt einfach am Stammtischabend vorbei. <span dir=\"ltr\" role=\"presentation\">Ihr k\u00f6nnt uns auch jederzeit unter<\/span> <span dir=\"ltr\" role=\"presentation\">info@ascs-segeln.de <\/span><span dir=\"ltr\" role=\"presentation\">erreichen.<\/span><\/p>\n<p>Wir freuen uns auf Euren Besuch \u2013 vielleicht schon am n\u00e4chsten Donnerstag?<\/p>\n<p><b>Segeln ist ein tolles Hobby und macht im ASCS gleich noch mal so viel Spa\u00df.<\/b><\/p>\n","protected":false},"excerpt":{"rendered":"<p>Der allgemeine Segler-Club Stuttgart e.V. ist ein gemeinn\u00fctziger Verein mit derzeit 56 Mitgliedern, die gr\u00f6\u00dftenteils im Gro\u00dfraum Stuttgart ans\u00e4ssig sind. Unser Vereinsboot, die ABRA, eine Bavaria 34C, liegt im Hafen von Lindau am Bodensee. Zu unserem Vereinsleben geh\u00f6ren die Segelschein-Ausbildung &hellip; <a href=\"https:\/\/www.ascs-segeln.de\/\">Weiterlesen <span class=\"meta-nav\">&rarr;<\/span><\/a><\/p>\n","protected":false},"author":1,"featured_media":0,"parent":0,"menu_order":0,"comment_status":"closed","ping_status":"closed","template":"sidebar-page.php","meta":{"footnotes":"","_links_to":"","_links_to_target":""},"class_list":["post-4","page","type-page","status-publish","hentry"],"_links":{"self":[{"href":"https:\/\/www.ascs-segeln.de\/index.php?rest_route=\/wp\/v2\/pages\/4","targetHints":{"allow":["GET"]}}],"collection":[{"href":"https:\/\/www.ascs-segeln.de\/index.php?rest_route=\/wp\/v2\/pages"}],"about":[{"href":"https:\/\/www.ascs-segeln.de\/index.php?rest_route=\/wp\/v2\/types\/page"}],"author":[{"embeddable":true,"href":"https:\/\/www.ascs-segeln.de\/index.php?rest_route=\/wp\/v2\/users\/1"}],"replies":[{"embeddable":true,"href":"https:\/\/www.ascs-segeln.de\/index.php?rest_route=%2Fwp%2Fv2%2Fcomments&post=4"}],"version-history":[{"count":25,"href":"https:\/\/www.ascs-segeln.de\/index.php?rest_route=\/wp\/v2\/pages\/4\/revisions"}],"predecessor-version":[{"id":14708,"href":"https:\/\/www.ascs-segeln.de\/index.php?rest_route=\/wp\/v2\/pages\/4\/revisions\/14708"}],"wp:attachment":[{"href":"https:\/\/www.ascs-segeln.de\/index.php?rest_route=%2Fwp%2Fv2%2Fmedia&parent=4"}],"curies":[{"name":"wp","href":"https:\/\/api.w.org\/{rel}","templated":true}]}}